{"id":12,"date":"2018-09-17T13:52:31","date_gmt":"2018-09-17T11:52:31","guid":{"rendered":"https:\/\/www.galeriepiva.cz\/?page_id=12"},"modified":"2026-04-25T15:06:35","modified_gmt":"2026-04-25T13:06:35","slug":"domu","status":"publish","type":"page","link":"https:\/\/www.galeriepiva.cz\/","title":{"rendered":""},"content":{"rendered":"\n<h1 class=\"wp-block-heading\">Dnes na \u010depu:<\/h1>\n\n\n\n<p><\/p>\n\n\n\n<p class=\"has-vivid-green-cyan-color has-very-dark-gray-background-color has-text-color has-background\">1. PROKOP\u00c1K &#8211; Tatin 12\u00b0\/5% sv\u011btl\u00fd le\u017e\u00e1k (premiant, \u017ep\u010d)<\/p>\n\n\n\n<p class=\"has-vivid-cyan-blue-color has-very-dark-gray-background-color has-text-color has-background\">2. FRAJER &#8211; APA 12\u00b0\/5,1% American Pale Ale<\/p>\n\n\n\n<p class=\"has-luminous-vivid-orange-color has-very-dark-gray-background-color has-text-color has-background\">3. SIBEERIA &#8211; Tongariro 14\u00b0\/6,1% New Zealand IPA (mosaic, motueka, citra, cascade)<\/p>\n\n\n\n<p class=\"has-vivid-purple-color has-very-dark-gray-background-color has-text-color has-background has-link-color wp-elements-8c69ea1d1943db732d6dcae7c23488eb\">4. OBORA &#8211; Orange NEIPA 13\u00b0\/5,5%\/14IBU NEIPA s k\u016frou a \u0161\u0165\u00e1vou z vlastn\u00edch pomeran\u010d\u016f (pacifica, citra, amarillo)<\/p>\n\n\n\n<p class=\"has-pale-pink-color has-very-dark-gray-background-color has-text-color has-background\">5. MAGIC ROAD (PL) &#8211; Pretty 4,5% Pastry Sour with tangerine, calamansi, vanilla<\/p>\n\n\n\n<p><\/p>\n\n\n\n<p><\/p>\n\n\n\n<p><\/p>\n\n\n\n<p><\/p>\n\n\n\n<p><\/p>\n\n\n\n<p><\/p>\n\n\n\n<p><\/p>\n\n\n\n<p><\/p>\n\n\n\n<p><\/p>\n\n\n\n<p><\/p>\n\n\n\n<p><\/p>\n\n\n\n<p><\/p>\n\n\n\n<p><\/p>\n\n\n\n<p><\/p>\n\n\n\n<p><\/p>\n\n\n\n<p><\/p>\n\n\n\n<p><\/p>\n\n\n\n<p><\/p>\n\n\n\n<p><\/p>\n\n\n\n<p><\/p>\n\n\n\n<p><\/p>\n\n\n\n<p><\/p>\n\n\n\n<p><\/p>\n\n\n\n<p><\/p>\n\n\n\n<p><\/p>\n\n\n\n<p><\/p>\n\n\n\n<p><\/p>\n\n\n\n<p><\/p>\n\n\n\n<p><\/p>\n\n\n\n<p><\/p>\n\n\n\n<p><\/p>\n\n\n\n<p><\/p>\n\n\n\n<p><\/p>\n\n\n\n<p><\/p>\n\n\n\n<p><\/p>\n\n\n\n<p><\/p>\n\n\n\n<p><\/p>\n\n\n\n<p><\/p>\n\n\n\n<p><\/p>\n\n\n\n<p><\/p>\n\n\n\n<p><\/p>\n\n\n\n<p><\/p>\n\n\n\n<p><\/p>\n\n\n\n<p><\/p>\n\n\n\n<p><\/p>\n\n\n\n<p><\/p>\n\n\n\n<p><\/p>\n","protected":false},"excerpt":{"rendered":"<p>Dnes na \u010depu: 1. PROKOP\u00c1K &#8211; Tatin 12\u00b0\/5% sv\u011btl\u00fd le\u017e\u00e1k (premiant, \u017ep\u010d) 2. FRAJER &#8211; APA 12\u00b0\/5,1% American Pale Ale 3. SIBEERIA &#8211; Tongariro 14\u00b0\/6,1% New Zealand IPA (mosaic, motueka, citra, cascade) 4. OBORA &#8211; Orange NEIPA 13\u00b0\/5,5%\/14IBU NEIPA s k\u016frou a \u0161\u0165\u00e1vou z vlastn\u00edch pomeran\u010d\u016f (pacifica, citra, amarillo) 5. MAGIC ROAD (PL) &#8211; Pretty &hellip; <\/p>\n<p class=\"link-more\"><a href=\"https:\/\/www.galeriepiva.cz\/\" class=\"more-link\">Pokra\u010dovat ve \u010dten\u00ed<span class=\"screen-reader-text\"> &#8222;&#8220;<\/span><\/a><\/p>\n","protected":false},"author":1,"featured_media":0,"parent":0,"menu_order":0,"comment_status":"closed","ping_status":"closed","template":"","meta":{"footnotes":""},"class_list":["post-12","page","type-page","status-publish","hentry"],"jetpack_sharing_enabled":true,"_links":{"self":[{"href":"https:\/\/www.galeriepiva.cz\/index.php?rest_route=\/wp\/v2\/pages\/12","targetHints":{"allow":["GET"]}}],"collection":[{"href":"https:\/\/www.galeriepiva.cz\/index.php?rest_route=\/wp\/v2\/pages"}],"about":[{"href":"https:\/\/www.galeriepiva.cz\/index.php?rest_route=\/wp\/v2\/types\/page"}],"author":[{"embeddable":true,"href":"https:\/\/www.galeriepiva.cz\/index.php?rest_route=\/wp\/v2\/users\/1"}],"replies":[{"embeddable":true,"href":"https:\/\/www.galeriepiva.cz\/index.php?rest_route=%2Fwp%2Fv2%2Fcomments&post=12"}],"version-history":[{"count":6036,"href":"https:\/\/www.galeriepiva.cz\/index.php?rest_route=\/wp\/v2\/pages\/12\/revisions"}],"predecessor-version":[{"id":11586,"href":"https:\/\/www.galeriepiva.cz\/index.php?rest_route=\/wp\/v2\/pages\/12\/revisions\/11586"}],"wp:attachment":[{"href":"https:\/\/www.galeriepiva.cz\/index.php?rest_route=%2Fwp%2Fv2%2Fmedia&parent=12"}],"curies":[{"name":"wp","href":"https:\/\/api.w.org\/{rel}","templated":true}]}}