{"id":13,"date":"2018-09-17T13:52:31","date_gmt":"2018-09-17T11:52:31","guid":{"rendered":"https:\/\/www.galeriepiva.cz\/?page_id=13"},"modified":"2018-09-17T14:57:03","modified_gmt":"2018-09-17T12:57:03","slug":"o-nas","status":"publish","type":"page","link":"https:\/\/www.galeriepiva.cz\/?page_id=13","title":{"rendered":"O n\u00e1s"},"content":{"rendered":"<p>Ji\u017e t\u0159et\u00edm rokem p\u0159in\u00e1\u0161\u00edme v na\u0161\u00ed pra\u017esk\u00e9 pivn\u00ed galerii v b\u011b\u017en\u00fdch prodejn\u00edch s\u00edt\u00edch standardn\u011b nedostupn\u00e1 piva z mal\u00fdch pivovar\u016f a mikropivovar\u016f z cel\u00e9 \u010cesk\u00e9 republiky a zahrani\u010d\u00ed.<\/p>\n<p>V na\u0161em pivn\u00edm obchod\u011b jich naleznete des\u00edtky druh\u016f. V\u0161echny lahve jsou chlazen\u00e9 a p\u0159ipraven\u00e9 tak k okam\u017eit\u00e9 konzumaci bu\u010f v na\u0161em obchod\u011b, nebo u v\u00e1s doma. K degustaci piva m\u016f\u017eete rovn\u011b\u017e vyu\u017e\u00edt t\u0159i nara\u017een\u00e1 sudov\u00e1 piva na \u010depu, kter\u00e1 se st\u00e1le obm\u011b\u0148uj\u00ed.<\/p>\n<p>Mezi st\u00e1lice v sortimentu pat\u0159\u00ed v\u017edy aktu\u00e1ln\u00ed nab\u00eddky sou\u010dasn\u00fdch legend \u010desk\u00e9ho pivn\u00edho sv\u011bta \u2013 pivovar\u016f Matu\u0161ka, Clock, Fr\u00fddlant, U Vack\u016f, Hendrych, \u00dan\u011btice, Permon, Vimperk, Radni\u010dn\u00ed pivovar z Jihlavy, Maz\u00e1k, Raven, l\u00e9taj\u00edc\u00ed pivovary Prager Laffe, Falkon, Male\u0161ov a mnoho dal\u0161\u00edch.<\/p>\n<p>Ze zahrani\u010dn\u00edch nam\u00e1tkou BrewDog, Flying Dog, Rogue, Kasteel, De Molen, Schlenkerla, Schneider Weisse.<\/p>\n<p>Z pivn\u00edch styl\u016f se prodej piva neomezuje zdaleka jen na tradi\u010dn\u00ed sv\u011btl\u00e9, polotmav\u00e9 nebo tmav\u00e9 \u010desk\u00e9 le\u017e\u00e1ky, ale samoz\u0159ejm\u011b i na v dne\u0161n\u00ed dob\u011b tak popul\u00e1rn\u00ed styly svrchn\u011b kva\u0161en\u00fdch piv IPA (India Pale Ale) a dal\u0161\u00ed odno\u017ee stylu ALE, d\u00e1le styly porter, stout, nakou\u0159en\u00e1 piva, osv\u011b\u017euj\u00edc\u00ed p\u0161eni\u010dn\u00e1 piva a dokonce i nealkoholick\u00e1 piva.<\/p>\n\n\n<p>EET<\/p>\n\n\n\n<p>Podle z\u00e1kona o evidenci tr\u017eeb je prod\u00e1vaj\u00edc\u00ed povinen vystavit kupuj\u00edc\u00edmu \u00fa\u010dtenku. Z\u00e1rove\u0148 je povinen zaevidovat p\u0159ijatou tr\u017ebu u spr\u00e1vce dan\u011b on-line; v p\u0159\u00edpad\u011b technick\u00e9ho v\u00fdpadku pak nejpozd\u011bji do 48 hodin.<\/p>\n\n\n\n<p><\/p>\n","protected":false},"excerpt":{"rendered":"<p>Ji\u017e t\u0159et\u00edm rokem p\u0159in\u00e1\u0161\u00edme v na\u0161\u00ed pra\u017esk\u00e9 pivn\u00ed galerii v b\u011b\u017en\u00fdch prodejn\u00edch s\u00edt\u00edch standardn\u011b nedostupn\u00e1 piva z mal\u00fdch pivovar\u016f a mikropivovar\u016f z cel\u00e9 \u010cesk\u00e9 republiky a zahrani\u010d\u00ed. V na\u0161em pivn\u00edm obchod\u011b jich naleznete des\u00edtky druh\u016f. V\u0161echny lahve jsou chlazen\u00e9 a p\u0159ipraven\u00e9 tak k okam\u017eit\u00e9 konzumaci bu\u010f v na\u0161em obchod\u011b, nebo u v\u00e1s doma. K degustaci &hellip; <\/p>\n<p class=\"link-more\"><a href=\"https:\/\/www.galeriepiva.cz\/?page_id=13\" class=\"more-link\">Pokra\u010dovat ve \u010dten\u00ed<span class=\"screen-reader-text\"> &#8222;O n\u00e1s&#8220;<\/span><\/a><\/p>\n","protected":false},"author":1,"featured_media":54,"parent":0,"menu_order":0,"comment_status":"closed","ping_status":"closed","template":"","meta":{"footnotes":""},"class_list":["post-13","page","type-page","status-publish","has-post-thumbnail","hentry"],"jetpack_sharing_enabled":true,"_links":{"self":[{"href":"https:\/\/www.galeriepiva.cz\/index.php?rest_route=\/wp\/v2\/pages\/13","targetHints":{"allow":["GET"]}}],"collection":[{"href":"https:\/\/www.galeriepiva.cz\/index.php?rest_route=\/wp\/v2\/pages"}],"about":[{"href":"https:\/\/www.galeriepiva.cz\/index.php?rest_route=\/wp\/v2\/types\/page"}],"author":[{"embeddable":true,"href":"https:\/\/www.galeriepiva.cz\/index.php?rest_route=\/wp\/v2\/users\/1"}],"replies":[{"embeddable":true,"href":"https:\/\/www.galeriepiva.cz\/index.php?rest_route=%2Fwp%2Fv2%2Fcomments&post=13"}],"version-history":[{"count":2,"href":"https:\/\/www.galeriepiva.cz\/index.php?rest_route=\/wp\/v2\/pages\/13\/revisions"}],"predecessor-version":[{"id":45,"href":"https:\/\/www.galeriepiva.cz\/index.php?rest_route=\/wp\/v2\/pages\/13\/revisions\/45"}],"wp:featuredmedia":[{"embeddable":true,"href":"https:\/\/www.galeriepiva.cz\/index.php?rest_route=\/wp\/v2\/media\/54"}],"wp:attachment":[{"href":"https:\/\/www.galeriepiva.cz\/index.php?rest_route=%2Fwp%2Fv2%2Fmedia&parent=13"}],"curies":[{"name":"wp","href":"https:\/\/api.w.org\/{rel}","templated":true}]}}