{"id":14,"date":"2018-09-17T13:52:32","date_gmt":"2018-09-17T11:52:32","guid":{"rendered":"https:\/\/www.galeriepiva.cz\/?page_id=14"},"modified":"2019-08-16T11:47:58","modified_gmt":"2019-08-16T09:47:58","slug":"kontakt","status":"publish","type":"page","link":"https:\/\/www.galeriepiva.cz\/?page_id=14","title":{"rendered":"Kontakt"},"content":{"rendered":"<p>Najdete n\u00e1s v doln\u00ed \u010d\u00e1sti ulice Krymsk\u00e1<\/p>\n","protected":false},"excerpt":{"rendered":"<p>Najdete n\u00e1s v doln\u00ed \u010d\u00e1sti ulice Krymsk\u00e1<\/p>\n","protected":false},"author":1,"featured_media":71,"parent":0,"menu_order":0,"comment_status":"closed","ping_status":"closed","template":"","meta":{"footnotes":""},"class_list":["post-14","page","type-page","status-publish","has-post-thumbnail","hentry"],"jetpack_sharing_enabled":true,"_links":{"self":[{"href":"https:\/\/www.galeriepiva.cz\/index.php?rest_route=\/wp\/v2\/pages\/14","targetHints":{"allow":["GET"]}}],"collection":[{"href":"https:\/\/www.galeriepiva.cz\/index.php?rest_route=\/wp\/v2\/pages"}],"about":[{"href":"https:\/\/www.galeriepiva.cz\/index.php?rest_route=\/wp\/v2\/types\/page"}],"author":[{"embeddable":true,"href":"https:\/\/www.galeriepiva.cz\/index.php?rest_route=\/wp\/v2\/users\/1"}],"replies":[{"embeddable":true,"href":"https:\/\/www.galeriepiva.cz\/index.php?rest_route=%2Fwp%2Fv2%2Fcomments&post=14"}],"version-history":[{"count":2,"href":"https:\/\/www.galeriepiva.cz\/index.php?rest_route=\/wp\/v2\/pages\/14\/revisions"}],"predecessor-version":[{"id":59,"href":"https:\/\/www.galeriepiva.cz\/index.php?rest_route=\/wp\/v2\/pages\/14\/revisions\/59"}],"wp:featuredmedia":[{"embeddable":true,"href":"https:\/\/www.galeriepiva.cz\/index.php?rest_route=\/wp\/v2\/media\/71"}],"wp:attachment":[{"href":"https:\/\/www.galeriepiva.cz\/index.php?rest_route=%2Fwp%2Fv2%2Fmedia&parent=14"}],"curies":[{"name":"wp","href":"https:\/\/api.w.org\/{rel}","templated":true}]}}