{"id":37,"date":"2018-09-17T14:00:06","date_gmt":"2018-09-17T12:00:06","guid":{"rendered":"https:\/\/www.galeriepiva.cz\/?page_id=37"},"modified":"2018-09-17T14:59:14","modified_gmt":"2018-09-17T12:59:14","slug":"piva","status":"publish","type":"page","link":"https:\/\/www.galeriepiva.cz\/?page_id=37","title":{"rendered":"Piva"},"content":{"rendered":"<h1><strong>Piva<\/strong><\/h1>\n<h2 id=\"lager\"><strong>Le\u017e\u00e1k plze\u0148sk\u00e9ho typu<\/strong><\/h2>\n<p>Le\u017e\u00e1k plze\u0148sk\u00e9ho typu, zjednodu\u0161en\u011b mezin\u00e1rodn\u011b naz\u00fdvan\u00fd jako \u201epils\u201c je celosv\u011btov\u011b&nbsp;nejroz\u0161\u00ed\u0159en\u011bj\u0161\u00edm pivn\u00edm stylem. Va\u0159\u00ed jej mezin\u00e1rodn\u00ed pivn\u00ed korporace v&nbsp;r\u00e1mci sv\u00fdch&nbsp;nejzn\u00e1m\u011bj\u0161\u00edch zna\u010dek stejn\u011b jako mal\u00e9 a mikro pivovary po cel\u00e9m sv\u011bt\u011b. Odvozen\u00fd je od&nbsp;le\u017e\u00e1ku va\u0159en\u00e9ho plze\u0148sk\u00fdm pivovarem Pilsner Urquell od 19. stolet\u00ed. P\u0159i jeho v\u00fdrob\u011b se&nbsp;pou\u017e\u00edvaj\u00ed kvasnice spodn\u00edho kva\u0161en\u00ed, kter\u00e9 p\u0159i sv\u00e9 pr\u00e1ci vy\u017eaduj\u00ed ni\u017e\u0161\u00ed teploty a del\u0161\u00ed dobu&nbsp;zr\u00e1n\u00ed ne\u017e nap\u0159. kvasnice vrchn\u00edho kva\u0161en\u00ed pou\u017e\u00edvan\u00e9 pro styly ALE (IPA, APA apod.)<\/p>\n<p>Le\u017e\u00e1ky se nab\u00edzej\u00ed tmav\u00e9, polotmav\u00e9 a sv\u011btl\u00e9 nej\u010dast\u011bji ve stup\u0148ovitosti 11\u00b0 \u2013 13\u00b0 a obsahem&nbsp;alkoholu kolem 5%. Speci\u00e1ln\u011b jsou ale nab\u00edzen\u00e9 i le\u017e\u00e1ky s&nbsp;vy\u0161\u0161\u00edmi parametry, jako nap\u0159.&nbsp;Imperial Lager z&nbsp;B\u0159evnovsk\u00e9ho pivovaru, kter\u00fd m\u00e1 stup\u0148ovitost 20\u00b0.&nbsp;V&nbsp;na\u0161\u00ed nab\u00eddce naleznete zejm\u00e9na kvalitn\u00ed le\u017e\u00e1ky z&nbsp;\u00dan\u011btick\u00e9ho pivovaru, pivovar\u016f Fr\u00fddlant,&nbsp;Hendrych, U Vack\u016f , B\u0159evnovsk\u00e9ho pivovaru , Ferdinand aj.<\/p>\n<h2 id=\"ale\"><strong>Styl ALE<\/strong><\/h2>\n<p>Styly ALE jsou anglick\u00e9ho p\u016fvodu a typick\u00e9 je pro n\u011b pou\u017eit\u00ed kvasnic svrchn\u00edho kva\u0161en\u00ed.<\/p>\n<h2 id=\"ipa\"><strong>pivo IPA (India Pale Ale)<\/strong><\/h2>\n<p>Siln\u00e9 a hodn\u011b chmelen\u00e9 pivo India Pale Ale je v&nbsp;sou\u010dasn\u00e9 dob\u011b velmi popul\u00e1rn\u00ed nejen v&nbsp;\u010cesk\u00e9&nbsp;Republice. D\u00edky pou\u017eit\u00ed m\u00e9n\u011b tradi\u010dn\u00edch chmel\u016f z&nbsp;cel\u00e9ho sv\u011bta p\u0159i naleznete jeho pit\u00ed nov\u00e9 a zaj\u00edmav\u00e9&nbsp;chut\u011b, kter\u00e9 V\u00e1m klasick\u00fd le\u017e\u00e1k nab\u00eddnout neum\u00ed. A to p\u0159i obvykle vy\u0161\u0161\u00ed ho\u0159kosti. IPA b\u00fdv\u00e1 nab\u00edzena&nbsp;ve stup\u0148ovitosti od 14\u00b0 a obsah alkoholu se pohybuje od 5% do 10%.<\/p>\n<p>U n\u00e1s naleznete vynikaj\u00edc\u00ed piva IPA zejm\u00e9na z&nbsp;pivovar\u016f Matu\u0161ka, Permon, Fr\u00fddlant, Hendrych,&nbsp;B\u0159evnovsk\u00e9ho pivovaru, pivovaru U Vack\u016f aj.<\/p>\n<h2 id=\"apa\"><strong>pivo APA (American Pale Ale)<\/strong><\/h2>\n<p>Podobn\u00fd styl jako je IPA s&nbsp;pou\u017eit\u00edm americk\u00fdch chmel\u016f. U n\u00e1s hlavn\u011b v&nbsp;nab\u00eddce pivovar\u016f Clock,&nbsp;Permon, Matu\u0161ka.<\/p>\n<h2 id=\"epa\"><strong>Anglick\u00e9 pivo ALE (English Pale Ale)<\/strong><\/h2>\n<p>Typick\u00fd anglick\u00fd pivn\u00ed styl ALE je chu\u0165ov\u011b su\u0161\u0161\u00edm oproti styl\u016fm IPA\/APA, nenal\u00e9z\u00e1te v nich tolik&nbsp;citrusov\u00fdch a dal\u0161\u00edch ovocn\u00fdch chut\u00ed jako u jin\u00fdch ALE styl\u016f a b\u00fdvaj\u00ed v\u00edce ho\u0159ce chmelov\u00e1. U n\u00e1s&nbsp;v&nbsp;nab\u00eddce nepravideln\u011b v&nbsp;r\u00e1mci produkce Radni\u010dn\u00edho pivovaru Jihlava.<\/p>\n<h2 id=\"summer-ale\"><strong>Summer ALE<\/strong><\/h2>\n<p>Leh\u010d\u00ed \u2013 m\u00e9n\u011b alkoholick\u00e1 \u2013 forma ALE, kter\u00e1 se hod\u00ed jako osv\u011b\u017een\u00ed zejm\u00e9na pro teplej\u0161\u00ed dny, ale pr\u00e1v\u011b&nbsp;d\u00edky vlastnosti tolik neop\u00edt p\u0159i zachov\u00e1n\u00ed zaj\u00edmav\u00fdch chu\u0165ov\u00fdch vlastnost\u00ed je obl\u00edben\u00e1 ji\u017e celoro\u010dn\u011b.<\/p>\n<p>Summer ALE u n\u00e1s v nab\u00eddce pivovar\u016f U Vack\u016f nebo Permon.<\/p>\n<h2 id=\"stout\"><strong>Stout<\/strong><\/h2>\n<p>Stout rovn\u011b\u017e pat\u0159\u00ed do rodiny styl\u016f ALE, jedn\u00e1 se o siln\u00e9 tmav\u00e9 svrchn\u011b kva\u0161en\u00e9 pivo s hustou p\u011bnou. Chu\u0165 po pra\u017een\u00e9m sladu lze p\u0159irovnat ke k\u00e1v\u011b, z\u00e1rove\u0148 v n\u00ed mohou b\u00fdt obsa\u017eeny i ovocn\u00e9 slo\u017eky.<\/p>\n<p>U n\u00e1s v nab\u00eddce siln\u00fd Russian Imperial Stout z B\u0159evnovsk\u00e9ho pivovaru nebo piva ze zahrani\u010dn\u00edho pivovaru De Molen.<\/p>\n<h2 id=\"porter\"><strong>Porter<\/strong><\/h2>\n<p>Porter je styl velmi podobn\u00fd stylu Stout. Jedn\u00e1 se rovn\u011b\u017e o tmav\u00e9 pivo, neb\u00fdv\u00e1 v\u0161ak tak siln\u00e9 jako pivo Stout.<\/p>\n<p>V na\u0161\u00ed pivot\u00e9ce naleznete klasick\u00fd \u010desk\u00fd Pardubick\u00fd porter.<\/p>\n<h2 id=\"smoked\"><strong>Nakou\u0159en\u00e9 pivo<\/strong><\/h2>\n<p>Speci\u00e1ln\u00ed pivo s \u201euzenou\u201c chut\u00ed, kter\u00e9 je dosa\u017eeno sladem, kter\u00fd jak\u00fdmsi uzen\u00edm pro\u0161el p\u0159ed samotnou v\u00fdrobou piva.<\/p>\n<p>V na\u0161ich lednic\u00edch se sna\u017e\u00edme o st\u00e1lou z\u00e1sobu bambersk\u00e9 klasiky Schlenkerla.<\/p>\n<h2 id=\"wheat\"><strong>P\u0161eni\u010dn\u00e9 pivo<\/strong><\/h2>\n<p>Standardem pro v\u00fdrobu jin\u00fdch piv je pou\u017eit\u00ed je\u010dmenn\u00e9ho sladu, v\u00fdjimku tvo\u0159\u00ed pr\u00e1v\u011b tzv. p\u0161eni\u010dn\u00e1 piva, ve kter\u00fdch byl pou\u017eit slad pr\u00e1v\u011b z p\u0161enice. Sp\u00ed\u0161e se jedn\u00e1 o letn\u00ed osv\u011b\u017euj\u00edc\u00ed styl piv, proto\u017ee neb\u00fdvaj\u00ed tak ho\u0159k\u00e1 a t\u011b\u017ek\u00e1. K dost\u00e1n\u00ed jsou v\u0161ak celoro\u010dn\u011b.<\/p>\n<p>Z \u010desk\u00fdch pivovar\u016f zastoupen\u00fdch v na\u0161\u00ed pivn\u00ed galerii je standardn\u011b nab\u00edz\u00ed pivovar Permon nebo B\u0159evnovsk\u00fd pivovar, ze zahrani\u010dn\u00edch obl\u00edben\u00fd n\u011bmeck\u00fd Schneider Weisse.<\/p>\n<h2 id=\"non-alcoholic\"><strong>Nealkoholick\u00e9 pivo<\/strong><\/h2>\n<p>Speci\u00e1ln\u00edm pivn\u00edm postupem se dosahuje procento alkoholu ni\u017e\u0161\u00ed ne\u017e 0,5%. V\u00fdborn\u00fdm \u010desk\u00fdm nealko pivem je nap\u0159. Bakal\u00e1\u0159 za studena chmelen\u00fd.<\/p>\n","protected":false},"excerpt":{"rendered":"<p>Piva Le\u017e\u00e1k plze\u0148sk\u00e9ho typu Le\u017e\u00e1k plze\u0148sk\u00e9ho typu, zjednodu\u0161en\u011b mezin\u00e1rodn\u011b naz\u00fdvan\u00fd jako \u201epils\u201c je celosv\u011btov\u011b&nbsp;nejroz\u0161\u00ed\u0159en\u011bj\u0161\u00edm pivn\u00edm stylem. Va\u0159\u00ed jej mezin\u00e1rodn\u00ed pivn\u00ed korporace v&nbsp;r\u00e1mci sv\u00fdch&nbsp;nejzn\u00e1m\u011bj\u0161\u00edch zna\u010dek stejn\u011b jako mal\u00e9 a mikro pivovary po cel\u00e9m sv\u011bt\u011b. Odvozen\u00fd je od&nbsp;le\u017e\u00e1ku va\u0159en\u00e9ho plze\u0148sk\u00fdm pivovarem Pilsner Urquell od 19. stolet\u00ed. P\u0159i jeho v\u00fdrob\u011b se&nbsp;pou\u017e\u00edvaj\u00ed kvasnice spodn\u00edho kva\u0161en\u00ed, kter\u00e9 p\u0159i sv\u00e9 pr\u00e1ci &hellip; <\/p>\n<p class=\"link-more\"><a href=\"https:\/\/www.galeriepiva.cz\/?page_id=37\" class=\"more-link\">Pokra\u010dovat ve \u010dten\u00ed<span class=\"screen-reader-text\"> &#8222;Piva&#8220;<\/span><\/a><\/p>\n","protected":false},"author":1,"featured_media":55,"parent":0,"menu_order":0,"comment_status":"closed","ping_status":"closed","template":"","meta":{"footnotes":""},"class_list":["post-37","page","type-page","status-publish","has-post-thumbnail","hentry"],"jetpack_sharing_enabled":true,"_links":{"self":[{"href":"https:\/\/www.galeriepiva.cz\/index.php?rest_route=\/wp\/v2\/pages\/37","targetHints":{"allow":["GET"]}}],"collection":[{"href":"https:\/\/www.galeriepiva.cz\/index.php?rest_route=\/wp\/v2\/pages"}],"about":[{"href":"https:\/\/www.galeriepiva.cz\/index.php?rest_route=\/wp\/v2\/types\/page"}],"author":[{"embeddable":true,"href":"https:\/\/www.galeriepiva.cz\/index.php?rest_route=\/wp\/v2\/users\/1"}],"replies":[{"embeddable":true,"href":"https:\/\/www.galeriepiva.cz\/index.php?rest_route=%2Fwp%2Fv2%2Fcomments&post=37"}],"version-history":[{"count":2,"href":"https:\/\/www.galeriepiva.cz\/index.php?rest_route=\/wp\/v2\/pages\/37\/revisions"}],"predecessor-version":[{"id":56,"href":"https:\/\/www.galeriepiva.cz\/index.php?rest_route=\/wp\/v2\/pages\/37\/revisions\/56"}],"wp:featuredmedia":[{"embeddable":true,"href":"https:\/\/www.galeriepiva.cz\/index.php?rest_route=\/wp\/v2\/media\/55"}],"wp:attachment":[{"href":"https:\/\/www.galeriepiva.cz\/index.php?rest_route=%2Fwp%2Fv2%2Fmedia&parent=37"}],"curies":[{"name":"wp","href":"https:\/\/api.w.org\/{rel}","templated":true}]}}